{"id":67,"date":"2012-05-26T21:36:05","date_gmt":"2012-05-26T21:36:05","guid":{"rendered":"http:\/\/geraldkogler.com\/tuvaluproduccions\/?page_id=67"},"modified":"2020-05-15T17:50:54","modified_gmt":"2020-05-15T17:50:54","slug":"compania","status":"publish","type":"page","link":"https:\/\/tuvaluproduccions.com\/en\/compania\/","title":{"rendered":"TUVAL\u00da produccions"},"content":{"rendered":"<p><!--:es-->TUVAL\u00da produccions nace el a\u00f1o 2005, desde entonces nos dedicamos a la investigaci\u00f3n en diferentes formatos de artes esc\u00e9nicas a trav\u00e9s de proyectos de diversa naturaleza: teatro, instalaciones, m\u00fasica, performance. TUVAL\u00da (mayo 2005, Centro Cultural la Farinera del Clot), AGNUS LUPUS (mayo 2007, Aula de Titelles del Institut del Teatre), MON AMOUR (agosto 2008, Festival STROBE. Subvencionado por la EADC. Departament de Cultura i Mitjans de Comunicaci\u00f3 de la Generalitat de Catalunya), ALADES PARAULES (Premio a mejor proyecto de Teatro Visual 09\u2019 por el Institut del Teatre. Convent de Sant Agust\u00ed). DIVISIONS (febrero 2012. Nau Ivanow BCN y gira por Catalu\u00f1a).<\/p>\n<p>En nuestras creaciones damos especial importancia a la autor\u00eda (partituras originales de m\u00fasica, guiones y visuales) y a la interacci\u00f3n entre los diferentes lenguajes que utilizamos para abordar nuestra tem\u00e1tica.<\/p>\n<p>El nombre TUVAL\u00da lo cogemos de la peque\u00f1a isla Polin\u00e9sica la que, como la propia asociaci\u00f3n, tiene sus primeros exiliados por causas clim\u00e1ticas. Actualmente nuestra isla est\u00e1 situada en la Plaza de las Glorias en Barcelona.<\/p>\n<p><!--:--><!--:ca-->TUVAL\u00da produccions va n\u00e9ixer l\u2019any 2005 i des de llavors ens dediquem a la investigaci\u00f3 dels diferents formats esc\u00e8nics a trav\u00e9s de projectes de diversa naturalesa: teatre, instal\u00b7lacions, m\u00fasica, performance: TUVAL\u00da (maig 2005, Centre Cultural la Farinera del Clot), AGNUS LUPUS (maig 2007, Aula de Titelles de l\u2019IT), MON AMOUR (agost 2008, Festival STROBE. Projecte subvencionat per l\u2019EADC. Departament de Cultura i Mitjans de Comunicaci\u00f3 de la Generalitat de Catalunya), ALADES PARAULES (Premi a millor projecte de Teatre Visual 09\u2019 per l\u2019Institut del Teatre. Convent de Sant Agust\u00ed).<\/p>\n<p>En les nostres creacions donem especial import\u00e0ncia a l\u2019autoria (partitures originals de m\u00fasica, guions i visuals) i a la interacci\u00f3 entre els diferents llenguatges que utilitzem per abordar la nostra tem\u00e0tica.<\/p>\n<p>El nom de Tuval\u00fa l\u2019agafem d\u2019aquesta petita illa de la Polin\u00e8sia la qual, com la mateixa associaci\u00f3, t\u00e9 els seus primers refugiats per causes clim\u00e0tiques. Actualment, la nostra illa est\u00e0 situada a la Pla\u00e7a de les Gl\u00f2ries de Barcelona.<!--:--><!--:en-->TUVAL\u00da produccions was founded in 2005 and since then our aim is the research of different formats on stage through different type of projects: theater, installations, music, performances: TUVALU (May 2005, Barcelona), AGNUS LUPUS (May 2007, Puppet auditorium, Institut del Teatre, Barcelona), MON AMOUR (August 2008, STROBE Festival. Project funded by the EADC Department of Culture and Media of the Generalitat de Catalunya), ALADES PARAULES (Prize Best Visual Arts Project 09 &#8216;of the \u201cInstitut del Teatre\u201d. Convent de Sant Agust\u00ed).<\/p>\n<p>In our creations we attach particular importance to authorship (original scores of music, scripts and visual) and to the interaction between different theatrical language approaches.<\/p>\n<p>The name of Tuvalu&#8217;s comes from this small Polynesian island which, as our association has, its first inhabitants were climate refugees . Currently our island is located in Pla\u00e7a de les Glories of Barcelona.<br \/>\n<!--:--><\/p>\n","protected":false},"excerpt":{"rendered":"<p> [&hellip;]<\/p>\n","protected":false},"author":8,"featured_media":0,"parent":0,"menu_order":0,"comment_status":"open","ping_status":"open","template":"","meta":{"footnotes":""},"class_list":["post-67","page","type-page","status-publish","hentry"],"_links":{"self":[{"href":"https:\/\/tuvaluproduccions.com\/en\/wp-json\/wp\/v2\/pages\/67","targetHints":{"allow":["GET"]}}],"collection":[{"href":"https:\/\/tuvaluproduccions.com\/en\/wp-json\/wp\/v2\/pages"}],"about":[{"href":"https:\/\/tuvaluproduccions.com\/en\/wp-json\/wp\/v2\/types\/page"}],"author":[{"embeddable":true,"href":"https:\/\/tuvaluproduccions.com\/en\/wp-json\/wp\/v2\/users\/8"}],"replies":[{"embeddable":true,"href":"https:\/\/tuvaluproduccions.com\/en\/wp-json\/wp\/v2\/comments?post=67"}],"version-history":[{"count":10,"href":"https:\/\/tuvaluproduccions.com\/en\/wp-json\/wp\/v2\/pages\/67\/revisions"}],"predecessor-version":[{"id":254,"href":"https:\/\/tuvaluproduccions.com\/en\/wp-json\/wp\/v2\/pages\/67\/revisions\/254"}],"wp:attachment":[{"href":"https:\/\/tuvaluproduccions.com\/en\/wp-json\/wp\/v2\/media?parent=67"}],"curies":[{"name":"wp","href":"https:\/\/api.w.org\/{rel}","templated":true}]}}